{"id":10266,"date":"2024-10-05T15:31:24","date_gmt":"2024-10-05T15:31:24","guid":{"rendered":"https:\/\/financial247.com\/?page_id=10266"},"modified":"2024-10-05T15:33:38","modified_gmt":"2024-10-05T15:33:38","slug":"tax-documents-required","status":"publish","type":"page","link":"https:\/\/financial247.com\/ro\/services\/tax-documents-required\/","title":{"rendered":"Tax Documents Required"},"content":{"rendered":"<div data-elementor-type=\"wp-page\" data-elementor-id=\"10266\" class=\"elementor elementor-10266\">\n\t\t\t\t\t\t<section class=\"elementor-section elementor-top-section elementor-element elementor-element-1e9485f8 elementor-section-boxed elementor-section-height-default elementor-section-height-default\" data-id=\"1e9485f8\" data-element_type=\"section\" data-e-type=\"section\" data-settings=\"{&quot;background_background&quot;:&quot;classic&quot;}\">\n\t\t\t\t\t\t\t<div class=\"elementor-background-overlay\"><\/div>\n\t\t\t\t\t\t\t<div class=\"elementor-container elementor-column-gap-no\">\n\t\t\t\t\t<div class=\"elementor-column elementor-col-100 elementor-top-column elementor-element elementor-element-223ce3bc\" data-id=\"223ce3bc\" data-element_type=\"column\" data-e-type=\"column\">\n\t\t\t<div class=\"elementor-widget-wrap elementor-element-populated\">\n\t\t\t\t\t\t<div class=\"elementor-element elementor-element-42505e95 elementor-widget elementor-widget-jkit_heading\" data-id=\"42505e95\" data-element_type=\"widget\" data-e-type=\"widget\" data-widget_type=\"jkit_heading.default\">\n\t\t\t\t<div class=\"elementor-widget-container\">\n\t\t\t\t\t<div  class=\"jeg-elementor-kit jkit-heading  align-center align-tablet-center align-mobile-center jeg_module___6a05a31135c3c\" ><div class=\"heading-section-title  display-inline-block\"><h2 class=\"heading-title\">Tax Return Documents <span class=\"style-gradient\"><span>Required by Country<\/span><\/span><\/h2><\/div><\/div>\t\t\t\t<\/div>\n\t\t\t\t<\/div>\n\t\t\t\t<div class=\"elementor-element elementor-element-709209d elementor-widget elementor-widget-text-editor\" data-id=\"709209d\" data-element_type=\"widget\" data-e-type=\"widget\" data-widget_type=\"text-editor.default\">\n\t\t\t\t<div class=\"elementor-widget-container\">\n\t\t\t\t\t\t\t\t\t<p>Find the essential documents required to file your tax return based on your country of residence. While we&#8217;ve listed the key documents, additional information may be required in certain cases. If you have any questions or are unsure about what to submit, please reach out to our team for clarification. We&#8217;re here to make the process as smooth as possible!<\/p>\t\t\t\t\t\t\t\t<\/div>\n\t\t\t\t<\/div>\n\t\t\t\t\t<\/div>\n\t\t<\/div>\n\t\t\t\t\t<\/div>\n\t\t<\/section>\n\t\t\t\t<section class=\"elementor-section elementor-top-section elementor-element elementor-element-601692dd elementor-section-boxed elementor-section-height-default elementor-section-height-default\" data-id=\"601692dd\" data-element_type=\"section\" data-e-type=\"section\" data-settings=\"{&quot;background_background&quot;:&quot;classic&quot;}\">\n\t\t\t\t\t\t<div class=\"elementor-container elementor-column-gap-no\">\n\t\t\t\t\t<div class=\"elementor-column elementor-col-100 elementor-top-column elementor-element elementor-element-da97486\" data-id=\"da97486\" data-element_type=\"column\" data-e-type=\"column\">\n\t\t\t<div class=\"elementor-widget-wrap elementor-element-populated\">\n\t\t\t\t\t\t<div class=\"elementor-element elementor-element-bbf2b7d elementor-widget elementor-widget-text-editor\" data-id=\"bbf2b7d\" data-element_type=\"widget\" data-e-type=\"widget\" data-widget_type=\"text-editor.default\">\n\t\t\t\t<div class=\"elementor-widget-container\">\n\t\t\t\t\t\t\t\t\t<h4>1. <strong>Regatul Unit<\/strong><\/h4><ul><li><strong>P45<\/strong> (if employment ended within the tax year)<\/li><li><strong>P60<\/strong> (end-of-year income and tax paid certificate)<\/li><li><strong>Fi\u0219e de plat\u0103<\/strong> (if applicable)<\/li><li><strong>P11D<\/strong> (if taxable benefits received)<\/li><li><strong>Bank interest certificates<\/strong><\/li><li><strong>Dividend vouchers<\/strong><\/li><li><strong>Rental income statements<\/strong><\/li><li><strong>Liber profesionist<\/strong>: Income and expense summaries, invoices, and receipts<\/li><\/ul><h4>2. <strong>Statele Unite ale Americii<\/strong><\/h4><ul><li><strong>W-2<\/strong> (employment income)<\/li><li><strong>1099 forms<\/strong> (for self-employed or freelance income)<\/li><li><strong>1099-INT<\/strong> (bank interest)<\/li><li><strong>1099-DIV<\/strong> (dividends)<\/li><li><strong>1098<\/strong> (mortgage interest)<\/li><li><strong>Rental income documentation<\/strong><\/li><li><strong>Liber profesionist<\/strong>: Income and expense summaries, invoices, receipts<\/li><\/ul><h4>3. <strong>Austria<\/strong><\/h4><ul><li><strong>Lohnzettel<\/strong> (employment income statement)<\/li><li><strong>Bank interest certificates<\/strong><\/li><li><strong>Investment\/dividend statements<\/strong><\/li><li><strong>Liber profesionist<\/strong>: Invoices, receipts, income and expense summaries<\/li><\/ul><h4>4. <strong>Australia<\/strong><\/h4><ul><li><strong>Payment summary<\/strong> (employment income)<\/li><li><strong>PAYG summaries<\/strong> (if applicable)<\/li><li><strong>Bank interest certificates<\/strong><\/li><li><strong>Rental income documents<\/strong><\/li><li><strong>Dividend statements<\/strong><\/li><li><strong>Liber profesionist<\/strong>: BAS (Business Activity Statement), income and expense summaries<\/li><\/ul><h4>5. <strong>Belgia<\/strong><\/h4><ul><li><strong>Fiche 281.10<\/strong> (employment income)<\/li><li><strong>Fiche 281.20<\/strong> (for freelancers or self-employed income)<\/li><li><strong>Bank interest certificates<\/strong><\/li><li><strong>Dividend statements<\/strong><\/li><li><strong>Rental income documents<\/strong><\/li><\/ul><h4>6. <strong>Canada<\/strong><\/h4><ul><li><strong>T4<\/strong> (employment income)<\/li><li><strong>T5<\/strong> (investment income)<\/li><li><strong>T4A<\/strong> (self-employed income)<\/li><li><strong>RRSP contribution receipts<\/strong><\/li><li><strong>Rental income documents<\/strong><\/li><li><strong>Dividend statements<\/strong><\/li><\/ul><h4>7. <strong>Republica Ceh\u0103<\/strong><\/h4><ul><li><strong>Potvrzen\u00ed o zdaniteln\u00fdch p\u0159\u00edjmech<\/strong> (income statement)<\/li><li><strong>Bank interest certificates<\/strong><\/li><li><strong>Dividend statements<\/strong><\/li><li><strong>Liber profesionist<\/strong>: Income and expense summaries, invoices, receipts<\/li><\/ul><h4>8. <strong>Germania<\/strong><\/h4><ul><li><strong>Lohnsteuerbescheinigung<\/strong> (employment income)<\/li><li><strong>Investment income certificates<\/strong><\/li><li><strong>Rental income documents<\/strong><\/li><li><strong>Liber profesionist<\/strong>: Income and expense reports<\/li><\/ul><h4>9. <strong>Irlanda<\/strong><\/h4><ul><li><strong>P60<\/strong> (employment income, if available)<\/li><li><strong>Bank interest certificates<\/strong><\/li><li><strong>Dividend statements<\/strong><\/li><li><strong>Rental income documents<\/strong><\/li><li><strong>Liber profesionist<\/strong>: Income and expense summaries<\/li><\/ul><h4>10. <strong>Italia<\/strong><\/h4><ul><li><strong>Certificazione Unica<\/strong> (employment or self-employment income)<\/li><li><strong>Bank interest certificates<\/strong><\/li><li><strong>Dividend statements<\/strong><\/li><li><strong>Rental income documents<\/strong><\/li><\/ul><h4>11. <strong>Luxemburg<\/strong><\/h4><ul><li><strong>Income and tax withholding certificate<\/strong><\/li><li><strong>Bank interest certificates<\/strong><\/li><li><strong>Dividend vouchers<\/strong><\/li><li><strong>Rental income documents<\/strong><\/li><\/ul><h4>12. <strong>Lituania<\/strong><\/h4><ul><li><strong>Income statement from employer<\/strong><\/li><li><strong>Bank interest certificates<\/strong><\/li><li><strong>Dividend statements<\/strong><\/li><li><strong>Rental income documents<\/strong><\/li><li><strong>Liber profesionist<\/strong>: Invoices, receipts, income and expense summaries<\/li><\/ul><h4>13. <strong>Malta<\/strong><\/h4><ul><li><strong>Income statement from employer<\/strong><\/li><li><strong>Bank interest certificates<\/strong><\/li><li><strong>Dividend statements<\/strong><\/li><li><strong>Rental income documents<\/strong><\/li><li><strong>Liber profesionist<\/strong>: Income and expense summaries, invoices, receipts<\/li><\/ul><h4>14. <strong>Olanda<\/strong><\/h4><ul><li><strong>Jaaropgave<\/strong> (annual tax statement)<\/li><li><strong>Bank interest certificates<\/strong><\/li><li><strong>Dividend statements<\/strong><\/li><li><strong>Rental income documents<\/strong><\/li><\/ul><h4>15. <strong>Norvegia<\/strong><\/h4><ul><li><strong>\u00c5rsoppgave<\/strong> (annual tax statement)<\/li><li><strong>Dividend statements<\/strong><\/li><li><strong>Bank interest statements<\/strong><\/li><li><strong>Rental income documents<\/strong><\/li><\/ul><h4>16. <strong>Polonia<\/strong><\/h4><ul><li><strong>PIT-11<\/strong> (employment income)<\/li><li><strong>Bank interest certificates<\/strong><\/li><li><strong>Dividend statements<\/strong><\/li><li><strong>Rental income documents<\/strong><\/li><li><strong>Liber profesionist<\/strong>: Income and expense summaries, invoices, receipts<\/li><\/ul><h4>17. <strong>Slovakia<\/strong><\/h4><ul><li><strong>Potvrdenie o pr\u00edjme<\/strong> (employment income)<\/li><li><strong>Bank interest certificates<\/strong><\/li><li><strong>Dividend statements<\/strong><\/li><li><strong>Rental income documents<\/strong><\/li><li><strong>Liber profesionist<\/strong>: Income and expense summaries<\/li><\/ul><h4>18. <strong>Spania<\/strong><\/h4><ul><li><strong>Certificado de retenciones<\/strong> (employment income)<\/li><li><strong>Dividend statements<\/strong><\/li><li><strong>Rental income documents<\/strong><\/li><li><strong>Liber profesionist<\/strong>: Income and expense summaries, invoices, receipts<\/li><\/ul><h4>19. <strong>Elve\u021bia<\/strong><\/h4><ul><li><strong>Lohnbescheinigung<\/strong> (employment income)<\/li><li><strong>Dividend statements<\/strong><\/li><li><strong>Rental income documents<\/strong><\/li><li><strong>Bank interest certificates<\/strong><\/li><li><strong>Liber profesionist<\/strong>: Income and expense summaries, invoices, receipts<\/li><\/ul>\t\t\t\t\t\t\t\t<\/div>\n\t\t\t\t<\/div>\n\t\t\t\t\t<\/div>\n\t\t<\/div>\n\t\t\t\t\t<\/div>\n\t\t<\/section>\n\t\t\t\t<\/div>","protected":false},"excerpt":{"rendered":"<p>Tax Return Documents Required by Country Find the essential documents required to file your tax return based on your country of residence. While we&#8217;ve listed the key documents, additional information may be required in certain cases. If you have any questions or are unsure about what to submit, please reach out to our team for [&hellip;]<\/p>","protected":false},"author":1,"featured_media":8097,"parent":8165,"menu_order":0,"comment_status":"closed","ping_status":"closed","template":"elementor_header_footer","meta":{"footnotes":""},"class_list":["post-10266","page","type-page","status-publish","has-post-thumbnail","hentry"],"yoast_head":"<!-- This site is optimized with the Yoast SEO plugin v23.4 - https:\/\/yoast.com\/wordpress\/plugins\/seo\/ -->\n<title>Tax Documents Required - Financial247.com<\/title>\n<meta name=\"robots\" content=\"index, follow, max-snippet:-1, max-image-preview:large, max-video-preview:-1\" \/>\n<link rel=\"canonical\" href=\"https:\/\/financial247.com\/ro\/services\/tax-documents-required\/\" \/>\n<meta property=\"og:locale\" content=\"ro_RO\" \/>\n<meta property=\"og:type\" content=\"article\" \/>\n<meta property=\"og:title\" content=\"Tax Documents Required - Financial247.com\" \/>\n<meta property=\"og:description\" content=\"Tax Return Documents Required by Country Find the essential documents required to file your tax return based on your country of residence. While we&#8217;ve listed the key documents, additional information may be required in certain cases. If you have any questions or are unsure about what to submit, please reach out to our team for [&hellip;]\" \/>\n<meta property=\"og:url\" content=\"https:\/\/financial247.com\/ro\/services\/tax-documents-required\/\" \/>\n<meta property=\"og:site_name\" content=\"Financial247.com\" \/>\n<meta property=\"article:publisher\" content=\"https:\/\/www.facebook.com\/247financeadvice\" \/>\n<meta property=\"article:modified_time\" content=\"2024-10-05T15:33:38+00:00\" \/>\n<meta property=\"og:image\" content=\"https:\/\/financial247.com\/wp-content\/uploads\/2022\/12\/group-happy-young-business-people-celebrating-success.jpg\" \/>\n\t<meta property=\"og:image:width\" content=\"1000\" \/>\n\t<meta property=\"og:image:height\" content=\"667\" \/>\n\t<meta property=\"og:image:type\" content=\"image\/jpeg\" \/>\n<meta name=\"twitter:card\" content=\"summary_large_image\" \/>\n<meta name=\"twitter:label1\" content=\"Timp estimat pentru citire\" \/>\n\t<meta name=\"twitter:data1\" content=\"3 minute\" \/>\n<script type=\"application\/ld+json\" class=\"yoast-schema-graph\">{\"@context\":\"https:\/\/schema.org\",\"@graph\":[{\"@type\":\"WebPage\",\"@id\":\"https:\/\/financial247.com\/services\/tax-documents-required\/\",\"url\":\"https:\/\/financial247.com\/services\/tax-documents-required\/\",\"name\":\"Tax Documents Required - Financial247.com\",\"isPartOf\":{\"@id\":\"https:\/\/financial247.com\/#website\"},\"primaryImageOfPage\":{\"@id\":\"https:\/\/financial247.com\/services\/tax-documents-required\/#primaryimage\"},\"image\":{\"@id\":\"https:\/\/financial247.com\/services\/tax-documents-required\/#primaryimage\"},\"thumbnailUrl\":\"https:\/\/financial247.com\/wp-content\/uploads\/2022\/12\/group-happy-young-business-people-celebrating-success.jpg\",\"datePublished\":\"2024-10-05T15:31:24+00:00\",\"dateModified\":\"2024-10-05T15:33:38+00:00\",\"breadcrumb\":{\"@id\":\"https:\/\/financial247.com\/services\/tax-documents-required\/#breadcrumb\"},\"inLanguage\":\"ro-RO\",\"potentialAction\":[{\"@type\":\"ReadAction\",\"target\":[\"https:\/\/financial247.com\/services\/tax-documents-required\/\"]}]},{\"@type\":\"ImageObject\",\"inLanguage\":\"ro-RO\",\"@id\":\"https:\/\/financial247.com\/services\/tax-documents-required\/#primaryimage\",\"url\":\"https:\/\/financial247.com\/wp-content\/uploads\/2022\/12\/group-happy-young-business-people-celebrating-success.jpg\",\"contentUrl\":\"https:\/\/financial247.com\/wp-content\/uploads\/2022\/12\/group-happy-young-business-people-celebrating-success.jpg\",\"width\":1000,\"height\":667},{\"@type\":\"BreadcrumbList\",\"@id\":\"https:\/\/financial247.com\/services\/tax-documents-required\/#breadcrumb\",\"itemListElement\":[{\"@type\":\"ListItem\",\"position\":1,\"name\":\"Home\",\"item\":\"https:\/\/financial247.com\/\"},{\"@type\":\"ListItem\",\"position\":2,\"name\":\"Services\",\"item\":\"https:\/\/financial247.com\/services\/\"},{\"@type\":\"ListItem\",\"position\":3,\"name\":\"Tax Documents Required\"}]},{\"@type\":\"WebSite\",\"@id\":\"https:\/\/financial247.com\/#website\",\"url\":\"https:\/\/financial247.com\/\",\"name\":\"Financial247.com\",\"description\":\"Your International Tax Experts\",\"publisher\":{\"@id\":\"https:\/\/financial247.com\/#organization\"},\"potentialAction\":[{\"@type\":\"SearchAction\",\"target\":{\"@type\":\"EntryPoint\",\"urlTemplate\":\"https:\/\/financial247.com\/?s={search_term_string}\"},\"query-input\":{\"@type\":\"PropertyValueSpecification\",\"valueRequired\":true,\"valueName\":\"search_term_string\"}}],\"inLanguage\":\"ro-RO\"},{\"@type\":\"Organization\",\"@id\":\"https:\/\/financial247.com\/#organization\",\"name\":\"Financial247.com\",\"url\":\"https:\/\/financial247.com\/\",\"logo\":{\"@type\":\"ImageObject\",\"inLanguage\":\"ro-RO\",\"@id\":\"https:\/\/financial247.com\/#\/schema\/logo\/image\/\",\"url\":\"https:\/\/financial247.com\/wp-content\/uploads\/2022\/12\/financial247-logo-cropped.png\",\"contentUrl\":\"https:\/\/financial247.com\/wp-content\/uploads\/2022\/12\/financial247-logo-cropped.png\",\"width\":959,\"height\":355,\"caption\":\"Financial247.com\"},\"image\":{\"@id\":\"https:\/\/financial247.com\/#\/schema\/logo\/image\/\"},\"sameAs\":[\"https:\/\/www.facebook.com\/247financeadvice\",\"https:\/\/www.instagram.com\/247financeadvice\/\",\"https:\/\/www.youtube.com\/channel\/UCb-CNttyOIE7mVynpQ2QO3A\"]}]}<\/script>\n<!-- \/ Yoast SEO plugin. -->","yoast_head_json":{"title":"Tax Documents Required - Financial247.com","robots":{"index":"index","follow":"follow","max-snippet":"max-snippet:-1","max-image-preview":"max-image-preview:large","max-video-preview":"max-video-preview:-1"},"canonical":"https:\/\/financial247.com\/ro\/services\/tax-documents-required\/","og_locale":"ro_RO","og_type":"article","og_title":"Tax Documents Required - Financial247.com","og_description":"Tax Return Documents Required by Country Find the essential documents required to file your tax return based on your country of residence. While we&#8217;ve listed the key documents, additional information may be required in certain cases. If you have any questions or are unsure about what to submit, please reach out to our team for [&hellip;]","og_url":"https:\/\/financial247.com\/ro\/services\/tax-documents-required\/","og_site_name":"Financial247.com","article_publisher":"https:\/\/www.facebook.com\/247financeadvice","article_modified_time":"2024-10-05T15:33:38+00:00","og_image":[{"width":1000,"height":667,"url":"https:\/\/financial247.com\/wp-content\/uploads\/2022\/12\/group-happy-young-business-people-celebrating-success.jpg","type":"image\/jpeg"}],"twitter_card":"summary_large_image","twitter_misc":{"Timp estimat pentru citire":"3 minute"},"schema":{"@context":"https:\/\/schema.org","@graph":[{"@type":"WebPage","@id":"https:\/\/financial247.com\/services\/tax-documents-required\/","url":"https:\/\/financial247.com\/services\/tax-documents-required\/","name":"Tax Documents Required - Financial247.com","isPartOf":{"@id":"https:\/\/financial247.com\/#website"},"primaryImageOfPage":{"@id":"https:\/\/financial247.com\/services\/tax-documents-required\/#primaryimage"},"image":{"@id":"https:\/\/financial247.com\/services\/tax-documents-required\/#primaryimage"},"thumbnailUrl":"https:\/\/financial247.com\/wp-content\/uploads\/2022\/12\/group-happy-young-business-people-celebrating-success.jpg","datePublished":"2024-10-05T15:31:24+00:00","dateModified":"2024-10-05T15:33:38+00:00","breadcrumb":{"@id":"https:\/\/financial247.com\/services\/tax-documents-required\/#breadcrumb"},"inLanguage":"ro-RO","potentialAction":[{"@type":"ReadAction","target":["https:\/\/financial247.com\/services\/tax-documents-required\/"]}]},{"@type":"ImageObject","inLanguage":"ro-RO","@id":"https:\/\/financial247.com\/services\/tax-documents-required\/#primaryimage","url":"https:\/\/financial247.com\/wp-content\/uploads\/2022\/12\/group-happy-young-business-people-celebrating-success.jpg","contentUrl":"https:\/\/financial247.com\/wp-content\/uploads\/2022\/12\/group-happy-young-business-people-celebrating-success.jpg","width":1000,"height":667},{"@type":"BreadcrumbList","@id":"https:\/\/financial247.com\/services\/tax-documents-required\/#breadcrumb","itemListElement":[{"@type":"ListItem","position":1,"name":"Home","item":"https:\/\/financial247.com\/"},{"@type":"ListItem","position":2,"name":"Services","item":"https:\/\/financial247.com\/services\/"},{"@type":"ListItem","position":3,"name":"Tax Documents Required"}]},{"@type":"WebSite","@id":"https:\/\/financial247.com\/#website","url":"https:\/\/financial247.com\/","name":"Financial247.com","description":"Your International Tax Experts","publisher":{"@id":"https:\/\/financial247.com\/#organization"},"potentialAction":[{"@type":"SearchAction","target":{"@type":"EntryPoint","urlTemplate":"https:\/\/financial247.com\/?s={search_term_string}"},"query-input":{"@type":"PropertyValueSpecification","valueRequired":true,"valueName":"search_term_string"}}],"inLanguage":"ro-RO"},{"@type":"Organization","@id":"https:\/\/financial247.com\/#organization","name":"Financial247.com","url":"https:\/\/financial247.com\/","logo":{"@type":"ImageObject","inLanguage":"ro-RO","@id":"https:\/\/financial247.com\/#\/schema\/logo\/image\/","url":"https:\/\/financial247.com\/wp-content\/uploads\/2022\/12\/financial247-logo-cropped.png","contentUrl":"https:\/\/financial247.com\/wp-content\/uploads\/2022\/12\/financial247-logo-cropped.png","width":959,"height":355,"caption":"Financial247.com"},"image":{"@id":"https:\/\/financial247.com\/#\/schema\/logo\/image\/"},"sameAs":["https:\/\/www.facebook.com\/247financeadvice","https:\/\/www.instagram.com\/247financeadvice\/","https:\/\/www.youtube.com\/channel\/UCb-CNttyOIE7mVynpQ2QO3A"]}]}},"_links":{"self":[{"href":"https:\/\/financial247.com\/ro\/wp-json\/wp\/v2\/pages\/10266"}],"collection":[{"href":"https:\/\/financial247.com\/ro\/wp-json\/wp\/v2\/pages"}],"about":[{"href":"https:\/\/financial247.com\/ro\/wp-json\/wp\/v2\/types\/page"}],"author":[{"embeddable":true,"href":"https:\/\/financial247.com\/ro\/wp-json\/wp\/v2\/users\/1"}],"replies":[{"embeddable":true,"href":"https:\/\/financial247.com\/ro\/wp-json\/wp\/v2\/comments?post=10266"}],"version-history":[{"count":5,"href":"https:\/\/financial247.com\/ro\/wp-json\/wp\/v2\/pages\/10266\/revisions"}],"predecessor-version":[{"id":10271,"href":"https:\/\/financial247.com\/ro\/wp-json\/wp\/v2\/pages\/10266\/revisions\/10271"}],"up":[{"embeddable":true,"href":"https:\/\/financial247.com\/ro\/wp-json\/wp\/v2\/pages\/8165"}],"wp:featuredmedia":[{"embeddable":true,"href":"https:\/\/financial247.com\/ro\/wp-json\/wp\/v2\/media\/8097"}],"wp:attachment":[{"href":"https:\/\/financial247.com\/ro\/wp-json\/wp\/v2\/media?parent=10266"}],"curies":[{"name":"wp","href":"https:\/\/api.w.org\/{rel}","templated":true}]}}