{"id":9115,"date":"2023-03-20T10:59:43","date_gmt":"2023-03-20T10:59:43","guid":{"rendered":"https:\/\/financial247.com\/?page_id=9115"},"modified":"2023-05-07T21:00:00","modified_gmt":"2023-05-07T21:00:00","slug":"refer-a-friend","status":"publish","type":"page","link":"https:\/\/financial247.com\/ro\/services\/refer-a-friend\/","title":{"rendered":"Refer-A-Friend"},"content":{"rendered":"<style>.elementor-9115 .elementor-element.elementor-element-1e9485f8:not(.elementor-motion-effects-element-type-background), .elementor-9115 .elementor-element.elementor-element-1e9485f8 > .elementor-motion-effects-container > .elementor-motion-effects-layer{background-color:var( --e-global-color-3be00b3 );background-image:url(\"https:\/\/financial247.com\/wp-content\/uploads\/2022\/12\/3d-BG-01.jpg\");background-position:center center;background-size:cover;}.elementor-9115 .elementor-element.elementor-element-1e9485f8 > .elementor-background-overlay{background-color:transparent;background-image:linear-gradient(180deg, #FFFFFF21 0%, var( --e-global-color-3be00b3 ) 100%);opacity:1;transition:background 0.3s, border-radius 0.3s, opacity 0.3s;}.elementor-9115 .elementor-element.elementor-element-1e9485f8{transition:background 0.3s, border 0.3s, border-radius 0.3s, box-shadow 0.3s;margin-top:-83px;margin-bottom:-83px;padding:180px 0px 120px 0px;}.elementor-9115 .elementor-element.elementor-element-223ce3bc.elementor-column > .elementor-widget-wrap{justify-content:center;}.elementor-9115 .elementor-element.elementor-element-601692dd:not(.elementor-motion-effects-element-type-background), .elementor-9115 .elementor-element.elementor-element-601692dd > .elementor-motion-effects-container > .elementor-motion-effects-layer{background-color:#F5F5F5;}.elementor-9115 .elementor-element.elementor-element-601692dd{transition:background 0.3s, border 0.3s, border-radius 0.3s, box-shadow 0.3s;padding:20px 0px 60px 0px;}.elementor-9115 .elementor-element.elementor-element-601692dd > .elementor-background-overlay{transition:background 0.3s, border-radius 0.3s, opacity 0.3s;}.elementor-bc-flex-widget .elementor-9115 .elementor-element.elementor-element-da97486.elementor-column .elementor-widget-wrap{align-items:center;}.elementor-9115 .elementor-element.elementor-element-da97486.elementor-column.elementor-element[data-element_type=\"column\"] > .elementor-widget-wrap.elementor-element-populated{align-content:center;align-items:center;}.elementor-9115 .elementor-element.elementor-element-da97486 > .elementor-element-populated{margin:0px 0px 0px 40px;--e-column-margin-right:0px;--e-column-margin-left:40px;}.elementor-9115 .elementor-element.elementor-element-c1aa4d7{--iteration-count:infinite;--animation-duration:1200ms;--dynamic-text-color:var( --e-global-color-primary );}.elementor-9115 .elementor-element.elementor-element-c1aa4d7 .elementor-headline{text-align:center;}.elementor-9115 .elementor-element.elementor-element-c1aa4d7 .elementor-headline-dynamic-wrapper path{stroke:var( --e-global-color-accent );stroke-width:6px;stroke-linecap:round;stroke-linejoin:round;}.elementor-9115 .elementor-element.elementor-element-c1aa4d7 .elementor-headline-plain-text{color:var( --e-global-color-primary );}.elementor-9115 .elementor-element.elementor-element-26efea19 > .elementor-widget-container{margin:0px 0px 0px 0px;padding:0px 30px 0px 0px;}.elementor-9115 .elementor-element.elementor-element-26efea19{font-family:var( --e-global-typography-text-font-family ), Sans-serif;font-size:var( --e-global-typography-text-font-size );font-weight:var( --e-global-typography-text-font-weight );}@media(max-width:1024px) and (min-width:768px){.elementor-9115 .elementor-element.elementor-element-da97486{width:100%;}}@media(max-width:1024px){.elementor-9115 .elementor-element.elementor-element-1e9485f8{padding:150px 0px 80px 0px;}.elementor-9115 .elementor-element.elementor-element-da97486 > .elementor-element-populated{margin:60px 0px 0px 0px;--e-column-margin-right:0px;--e-column-margin-left:0px;padding:0px 20px 0px 20px;}.elementor-9115 .elementor-element.elementor-element-26efea19{font-size:var( --e-global-typography-text-font-size );}}@media(max-width:767px){.elementor-9115 .elementor-element.elementor-element-1e9485f8{margin-top:-56px;margin-bottom:-56px;padding:120px 0px 60px 0px;}.elementor-9115 .elementor-element.elementor-element-223ce3bc > .elementor-element-populated{padding:0px 10px 0px 10px;}.elementor-9115 .elementor-element.elementor-element-601692dd{margin-top:20px;margin-bottom:20px;padding:60px 0px 60px 0px;}.elementor-9115 .elementor-element.elementor-element-da97486 > .elementor-element-populated{padding:0px 10px 0px 10px;}.elementor-9115 .elementor-element.elementor-element-26efea19{font-size:var( --e-global-typography-text-font-size );}}\/* Start custom CSS for animated-headline, class: .elementor-element-c1aa4d7 *\/.elementor-9115 .elementor-element.elementor-element-c1aa4d7 .highlight-grad{\n    background-color: transparent;\n    background-image: linear-gradient(160deg, #DCFFEA 0%, #1B756B 56%);\n    -webkit-background-clip: text;\n    -webkit-text-fill-color: transparent;\n}\/* End custom CSS *\/<\/style>\t\t<div data-elementor-type=\"wp-page\" data-elementor-id=\"9115\" class=\"elementor elementor-9115\">\n\t\t\t\t\t\t<section class=\"elementor-section elementor-top-section elementor-element elementor-element-1e9485f8 elementor-section-boxed elementor-section-height-default elementor-section-height-default\" data-id=\"1e9485f8\" data-element_type=\"section\" data-settings=\"{&quot;background_background&quot;:&quot;classic&quot;}\">\n\t\t\t\t\t\t\t<div class=\"elementor-background-overlay\"><\/div>\n\t\t\t\t\t\t\t<div class=\"elementor-container elementor-column-gap-no\">\n\t\t\t\t\t<div class=\"elementor-column elementor-col-100 elementor-top-column elementor-element elementor-element-223ce3bc\" data-id=\"223ce3bc\" data-element_type=\"column\">\n\t\t\t<div class=\"elementor-widget-wrap elementor-element-populated\">\n\t\t\t\t\t\t<div class=\"elementor-element elementor-element-9e695f7 elementor-widget elementor-widget-image\" data-id=\"9e695f7\" data-element_type=\"widget\" data-widget_type=\"image.default\">\n\t\t\t\t<div class=\"elementor-widget-container\">\n\t\t\t\t\t\t\t\t\t\t\t\t\t\t\t<img fetchpriority=\"high\" decoding=\"async\" width=\"2473\" height=\"752\" src=\"https:\/\/financial247.com\/wp-content\/uploads\/2023\/03\/INVITA-TI-PRIETENII-SI-CASTIGA-50-PRIETEN-3.png\" class=\"attachment-full size-full wp-image-9123\" alt=\"\" srcset=\"https:\/\/financial247.com\/wp-content\/uploads\/2023\/03\/INVITA-TI-PRIETENII-SI-CASTIGA-50-PRIETEN-3.png 2473w, https:\/\/financial247.com\/wp-content\/uploads\/2023\/03\/INVITA-TI-PRIETENII-SI-CASTIGA-50-PRIETEN-3-300x91.png 300w, https:\/\/financial247.com\/wp-content\/uploads\/2023\/03\/INVITA-TI-PRIETENII-SI-CASTIGA-50-PRIETEN-3-1024x311.png 1024w, https:\/\/financial247.com\/wp-content\/uploads\/2023\/03\/INVITA-TI-PRIETENII-SI-CASTIGA-50-PRIETEN-3-768x234.png 768w, https:\/\/financial247.com\/wp-content\/uploads\/2023\/03\/INVITA-TI-PRIETENII-SI-CASTIGA-50-PRIETEN-3-1536x467.png 1536w, https:\/\/financial247.com\/wp-content\/uploads\/2023\/03\/INVITA-TI-PRIETENII-SI-CASTIGA-50-PRIETEN-3-2048x623.png 2048w, https:\/\/financial247.com\/wp-content\/uploads\/2023\/03\/INVITA-TI-PRIETENII-SI-CASTIGA-50-PRIETEN-3-18x5.png 18w\" sizes=\"(max-width: 2473px) 100vw, 2473px\" \/>\t\t\t\t\t\t\t\t\t\t\t\t\t\t\t<\/div>\n\t\t\t\t<\/div>\n\t\t\t\t\t<\/div>\n\t\t<\/div>\n\t\t\t\t\t<\/div>\n\t\t<\/section>\n\t\t\t\t<section class=\"elementor-section elementor-top-section elementor-element elementor-element-601692dd elementor-section-boxed elementor-section-height-default elementor-section-height-default\" data-id=\"601692dd\" data-element_type=\"section\" data-settings=\"{&quot;background_background&quot;:&quot;classic&quot;}\">\n\t\t\t\t\t\t<div class=\"elementor-container elementor-column-gap-no\">\n\t\t\t\t\t<div class=\"elementor-column elementor-col-100 elementor-top-column elementor-element elementor-element-da97486\" data-id=\"da97486\" data-element_type=\"column\">\n\t\t\t<div class=\"elementor-widget-wrap elementor-element-populated\">\n\t\t\t\t\t\t<div class=\"elementor-element elementor-element-c1aa4d7 elementor-headline--style-highlight elementor-widget elementor-widget-animated-headline\" data-id=\"c1aa4d7\" data-element_type=\"widget\" data-settings=\"{&quot;marker&quot;:&quot;underline_zigzag&quot;,&quot;highlighted_text&quot;:&quot;Refer &lt;span class=\\&quot;highlight-grad\\&quot;&gt;Now&lt;\\\/span&gt;&quot;,&quot;headline_style&quot;:&quot;highlight&quot;,&quot;loop&quot;:&quot;yes&quot;,&quot;highlight_animation_duration&quot;:1200,&quot;highlight_iteration_delay&quot;:8000}\" data-widget_type=\"animated-headline.default\">\n\t\t\t\t<div class=\"elementor-widget-container\">\n\t\t\t\t\t\t\t<h3 class=\"elementor-headline\">\n\t\t\t\t<span class=\"elementor-headline-dynamic-wrapper elementor-headline-text-wrapper\">\n\t\t\t\t\t<span class=\"elementor-headline-dynamic-text elementor-headline-text-active\">Consulta\u021bi <span class=\"highlight-grad\">Acum<\/span><\/span>\n\t\t\t\t<\/span>\n\t\t\t\t<\/h3>\n\t\t\t\t\t\t<\/div>\n\t\t\t\t<\/div>\n\t\t\t\t<div class=\"elementor-element elementor-element-ae9689a elementor-widget elementor-widget-html\" data-id=\"ae9689a\" data-element_type=\"widget\" data-widget_type=\"html.default\">\n\t\t\t\t<div class=\"elementor-widget-container\">\n\t\t\t\t\t<script src=\"https:\/\/www.cognitoforms.com\/f\/seamless.js\" data-key=\"eITG45rBs0ewhrf1wKWF6w\" data-form=\"30\"><\/script>\t\t\t\t<\/div>\n\t\t\t\t<\/div>\n\t\t\t\t\t<\/div>\n\t\t<\/div>\n\t\t\t\t\t<\/div>\n\t\t<\/section>\n\t\t\t\t<\/div>","protected":false},"excerpt":{"rendered":"<p>Refer Now Ein erfahrener Arbeiter ist eine Person, die \u00fcber spezielle Kenntnisse, Schulungen und Erfahrung verf\u00fcgt, mit denen sie einen bestimmten Job ausf\u00fchren. M\u00f6glicherweise haben sie ihre F\u00e4higkeiten durch Bildung, Ausbildung ghostwriter facharbeit oder Schulung am Arbeitsplatz erlernt. Wenn Sie jemals einen \u00f6ffentlichen Figur durchsucht haben, haben sie wahrscheinlich ein Team von Ghostwritern, die Inhalte [&hellip;]<\/p>","protected":false},"author":1,"featured_media":8097,"parent":8165,"menu_order":0,"comment_status":"closed","ping_status":"closed","template":"elementor_header_footer","meta":{"footnotes":""},"class_list":["post-9115","page","type-page","status-publish","has-post-thumbnail","hentry"],"yoast_head":"<!-- This site is optimized with the Yoast SEO plugin v23.4 - https:\/\/yoast.com\/wordpress\/plugins\/seo\/ -->\n<title>Refer-A-Friend - Financial247.com<\/title>\n<meta name=\"robots\" content=\"index, follow, max-snippet:-1, max-image-preview:large, max-video-preview:-1\" \/>\n<link rel=\"canonical\" href=\"https:\/\/financial247.com\/ro\/services\/refer-a-friend\/\" \/>\n<meta property=\"og:locale\" content=\"ro_RO\" \/>\n<meta property=\"og:type\" content=\"article\" \/>\n<meta property=\"og:title\" content=\"Refer-A-Friend - Financial247.com\" \/>\n<meta property=\"og:description\" content=\"Refer Now Ein erfahrener Arbeiter ist eine Person, die \u00fcber spezielle Kenntnisse, Schulungen und Erfahrung verf\u00fcgt, mit denen sie einen bestimmten Job ausf\u00fchren. M\u00f6glicherweise haben sie ihre F\u00e4higkeiten durch Bildung, Ausbildung ghostwriter facharbeit oder Schulung am Arbeitsplatz erlernt. Wenn Sie jemals einen \u00f6ffentlichen Figur durchsucht haben, haben sie wahrscheinlich ein Team von Ghostwritern, die Inhalte [&hellip;]\" \/>\n<meta property=\"og:url\" content=\"https:\/\/financial247.com\/ro\/services\/refer-a-friend\/\" \/>\n<meta property=\"og:site_name\" content=\"Financial247.com\" \/>\n<meta property=\"article:publisher\" content=\"https:\/\/www.facebook.com\/247financeadvice\" \/>\n<meta property=\"article:modified_time\" content=\"2023-05-07T21:00:00+00:00\" \/>\n<meta property=\"og:image\" content=\"https:\/\/financial247.com\/wp-content\/uploads\/2022\/12\/group-happy-young-business-people-celebrating-success.jpg\" \/>\n\t<meta property=\"og:image:width\" content=\"1000\" \/>\n\t<meta property=\"og:image:height\" content=\"667\" \/>\n\t<meta property=\"og:image:type\" content=\"image\/jpeg\" \/>\n<meta name=\"twitter:card\" content=\"summary_large_image\" \/>\n<meta name=\"twitter:label1\" content=\"Timp estimat pentru citire\" \/>\n\t<meta name=\"twitter:data1\" content=\"1 minut\" \/>\n<script type=\"application\/ld+json\" class=\"yoast-schema-graph\">{\"@context\":\"https:\/\/schema.org\",\"@graph\":[{\"@type\":\"WebPage\",\"@id\":\"https:\/\/financial247.com\/services\/refer-a-friend\/\",\"url\":\"https:\/\/financial247.com\/services\/refer-a-friend\/\",\"name\":\"Refer-A-Friend - Financial247.com\",\"isPartOf\":{\"@id\":\"https:\/\/financial247.com\/#website\"},\"primaryImageOfPage\":{\"@id\":\"https:\/\/financial247.com\/services\/refer-a-friend\/#primaryimage\"},\"image\":{\"@id\":\"https:\/\/financial247.com\/services\/refer-a-friend\/#primaryimage\"},\"thumbnailUrl\":\"https:\/\/financial247.com\/wp-content\/uploads\/2022\/12\/group-happy-young-business-people-celebrating-success.jpg\",\"datePublished\":\"2023-03-20T10:59:43+00:00\",\"dateModified\":\"2023-05-07T21:00:00+00:00\",\"breadcrumb\":{\"@id\":\"https:\/\/financial247.com\/services\/refer-a-friend\/#breadcrumb\"},\"inLanguage\":\"ro-RO\",\"potentialAction\":[{\"@type\":\"ReadAction\",\"target\":[\"https:\/\/financial247.com\/services\/refer-a-friend\/\"]}]},{\"@type\":\"ImageObject\",\"inLanguage\":\"ro-RO\",\"@id\":\"https:\/\/financial247.com\/services\/refer-a-friend\/#primaryimage\",\"url\":\"https:\/\/financial247.com\/wp-content\/uploads\/2022\/12\/group-happy-young-business-people-celebrating-success.jpg\",\"contentUrl\":\"https:\/\/financial247.com\/wp-content\/uploads\/2022\/12\/group-happy-young-business-people-celebrating-success.jpg\",\"width\":1000,\"height\":667},{\"@type\":\"BreadcrumbList\",\"@id\":\"https:\/\/financial247.com\/services\/refer-a-friend\/#breadcrumb\",\"itemListElement\":[{\"@type\":\"ListItem\",\"position\":1,\"name\":\"Home\",\"item\":\"https:\/\/financial247.com\/\"},{\"@type\":\"ListItem\",\"position\":2,\"name\":\"Services\",\"item\":\"https:\/\/financial247.com\/services\/\"},{\"@type\":\"ListItem\",\"position\":3,\"name\":\"Refer-A-Friend\"}]},{\"@type\":\"WebSite\",\"@id\":\"https:\/\/financial247.com\/#website\",\"url\":\"https:\/\/financial247.com\/\",\"name\":\"Financial247.com\",\"description\":\"Your International Tax Experts\",\"publisher\":{\"@id\":\"https:\/\/financial247.com\/#organization\"},\"potentialAction\":[{\"@type\":\"SearchAction\",\"target\":{\"@type\":\"EntryPoint\",\"urlTemplate\":\"https:\/\/financial247.com\/?s={search_term_string}\"},\"query-input\":{\"@type\":\"PropertyValueSpecification\",\"valueRequired\":true,\"valueName\":\"search_term_string\"}}],\"inLanguage\":\"ro-RO\"},{\"@type\":\"Organization\",\"@id\":\"https:\/\/financial247.com\/#organization\",\"name\":\"Financial247.com\",\"url\":\"https:\/\/financial247.com\/\",\"logo\":{\"@type\":\"ImageObject\",\"inLanguage\":\"ro-RO\",\"@id\":\"https:\/\/financial247.com\/#\/schema\/logo\/image\/\",\"url\":\"https:\/\/financial247.com\/wp-content\/uploads\/2022\/12\/financial247-logo-cropped.png\",\"contentUrl\":\"https:\/\/financial247.com\/wp-content\/uploads\/2022\/12\/financial247-logo-cropped.png\",\"width\":959,\"height\":355,\"caption\":\"Financial247.com\"},\"image\":{\"@id\":\"https:\/\/financial247.com\/#\/schema\/logo\/image\/\"},\"sameAs\":[\"https:\/\/www.facebook.com\/247financeadvice\",\"https:\/\/www.instagram.com\/247financeadvice\/\",\"https:\/\/www.youtube.com\/channel\/UCb-CNttyOIE7mVynpQ2QO3A\"]}]}<\/script>\n<!-- \/ Yoast SEO plugin. -->","yoast_head_json":{"title":"Refer-A-Friend - Financial247.com","robots":{"index":"index","follow":"follow","max-snippet":"max-snippet:-1","max-image-preview":"max-image-preview:large","max-video-preview":"max-video-preview:-1"},"canonical":"https:\/\/financial247.com\/ro\/services\/refer-a-friend\/","og_locale":"ro_RO","og_type":"article","og_title":"Refer-A-Friend - Financial247.com","og_description":"Refer Now Ein erfahrener Arbeiter ist eine Person, die \u00fcber spezielle Kenntnisse, Schulungen und Erfahrung verf\u00fcgt, mit denen sie einen bestimmten Job ausf\u00fchren. M\u00f6glicherweise haben sie ihre F\u00e4higkeiten durch Bildung, Ausbildung ghostwriter facharbeit oder Schulung am Arbeitsplatz erlernt. Wenn Sie jemals einen \u00f6ffentlichen Figur durchsucht haben, haben sie wahrscheinlich ein Team von Ghostwritern, die Inhalte [&hellip;]","og_url":"https:\/\/financial247.com\/ro\/services\/refer-a-friend\/","og_site_name":"Financial247.com","article_publisher":"https:\/\/www.facebook.com\/247financeadvice","article_modified_time":"2023-05-07T21:00:00+00:00","og_image":[{"width":1000,"height":667,"url":"https:\/\/financial247.com\/wp-content\/uploads\/2022\/12\/group-happy-young-business-people-celebrating-success.jpg","type":"image\/jpeg"}],"twitter_card":"summary_large_image","twitter_misc":{"Timp estimat pentru citire":"1 minut"},"schema":{"@context":"https:\/\/schema.org","@graph":[{"@type":"WebPage","@id":"https:\/\/financial247.com\/services\/refer-a-friend\/","url":"https:\/\/financial247.com\/services\/refer-a-friend\/","name":"Refer-A-Friend - Financial247.com","isPartOf":{"@id":"https:\/\/financial247.com\/#website"},"primaryImageOfPage":{"@id":"https:\/\/financial247.com\/services\/refer-a-friend\/#primaryimage"},"image":{"@id":"https:\/\/financial247.com\/services\/refer-a-friend\/#primaryimage"},"thumbnailUrl":"https:\/\/financial247.com\/wp-content\/uploads\/2022\/12\/group-happy-young-business-people-celebrating-success.jpg","datePublished":"2023-03-20T10:59:43+00:00","dateModified":"2023-05-07T21:00:00+00:00","breadcrumb":{"@id":"https:\/\/financial247.com\/services\/refer-a-friend\/#breadcrumb"},"inLanguage":"ro-RO","potentialAction":[{"@type":"ReadAction","target":["https:\/\/financial247.com\/services\/refer-a-friend\/"]}]},{"@type":"ImageObject","inLanguage":"ro-RO","@id":"https:\/\/financial247.com\/services\/refer-a-friend\/#primaryimage","url":"https:\/\/financial247.com\/wp-content\/uploads\/2022\/12\/group-happy-young-business-people-celebrating-success.jpg","contentUrl":"https:\/\/financial247.com\/wp-content\/uploads\/2022\/12\/group-happy-young-business-people-celebrating-success.jpg","width":1000,"height":667},{"@type":"BreadcrumbList","@id":"https:\/\/financial247.com\/services\/refer-a-friend\/#breadcrumb","itemListElement":[{"@type":"ListItem","position":1,"name":"Home","item":"https:\/\/financial247.com\/"},{"@type":"ListItem","position":2,"name":"Services","item":"https:\/\/financial247.com\/services\/"},{"@type":"ListItem","position":3,"name":"Refer-A-Friend"}]},{"@type":"WebSite","@id":"https:\/\/financial247.com\/#website","url":"https:\/\/financial247.com\/","name":"Financial247.com","description":"Your International Tax Experts","publisher":{"@id":"https:\/\/financial247.com\/#organization"},"potentialAction":[{"@type":"SearchAction","target":{"@type":"EntryPoint","urlTemplate":"https:\/\/financial247.com\/?s={search_term_string}"},"query-input":{"@type":"PropertyValueSpecification","valueRequired":true,"valueName":"search_term_string"}}],"inLanguage":"ro-RO"},{"@type":"Organization","@id":"https:\/\/financial247.com\/#organization","name":"Financial247.com","url":"https:\/\/financial247.com\/","logo":{"@type":"ImageObject","inLanguage":"ro-RO","@id":"https:\/\/financial247.com\/#\/schema\/logo\/image\/","url":"https:\/\/financial247.com\/wp-content\/uploads\/2022\/12\/financial247-logo-cropped.png","contentUrl":"https:\/\/financial247.com\/wp-content\/uploads\/2022\/12\/financial247-logo-cropped.png","width":959,"height":355,"caption":"Financial247.com"},"image":{"@id":"https:\/\/financial247.com\/#\/schema\/logo\/image\/"},"sameAs":["https:\/\/www.facebook.com\/247financeadvice","https:\/\/www.instagram.com\/247financeadvice\/","https:\/\/www.youtube.com\/channel\/UCb-CNttyOIE7mVynpQ2QO3A"]}]}},"_links":{"self":[{"href":"https:\/\/financial247.com\/ro\/wp-json\/wp\/v2\/pages\/9115"}],"collection":[{"href":"https:\/\/financial247.com\/ro\/wp-json\/wp\/v2\/pages"}],"about":[{"href":"https:\/\/financial247.com\/ro\/wp-json\/wp\/v2\/types\/page"}],"author":[{"embeddable":true,"href":"https:\/\/financial247.com\/ro\/wp-json\/wp\/v2\/users\/1"}],"replies":[{"embeddable":true,"href":"https:\/\/financial247.com\/ro\/wp-json\/wp\/v2\/comments?post=9115"}],"version-history":[{"count":13,"href":"https:\/\/financial247.com\/ro\/wp-json\/wp\/v2\/pages\/9115\/revisions"}],"predecessor-version":[{"id":9146,"href":"https:\/\/financial247.com\/ro\/wp-json\/wp\/v2\/pages\/9115\/revisions\/9146"}],"up":[{"embeddable":true,"href":"https:\/\/financial247.com\/ro\/wp-json\/wp\/v2\/pages\/8165"}],"wp:featuredmedia":[{"embeddable":true,"href":"https:\/\/financial247.com\/ro\/wp-json\/wp\/v2\/media\/8097"}],"wp:attachment":[{"href":"https:\/\/financial247.com\/ro\/wp-json\/wp\/v2\/media?parent=9115"}],"curies":[{"name":"wp","href":"https:\/\/api.w.org\/{rel}","templated":true}]}}